{"id":6,"date":"2025-03-13T12:37:16","date_gmt":"2025-03-13T12:37:16","guid":{"rendered":"https:\/\/jcicarthage.org\/?page_id=6"},"modified":"2025-07-15T10:13:39","modified_gmt":"2025-07-15T10:13:39","slug":"mesmerize","status":"publish","type":"page","link":"https:\/\/jcicarthage.org\/","title":{"rendered":"Accueil"},"content":{"rendered":"<div  id=\"qui-sommes-nous\" class=\"about-4 content-section content-section-spacing\" style=\"background-color: #f5fafd;\" data-label=\"Qui sommes nous\" data-id=\"about--1\" data-export-id=\"about-4\" data-category=\"about\">\n<div  class=\"gridContainer\">\n<div  class=\"row middle-sm text-center\">\n<div  class=\"col-sm-5 space-bottom-xs content-left-sm\" data-type=\"column\">\n<h5  class=\"\">Qui sommes-nous ?<\/h5>\n<h2  class=\"\">JCI Carthage<\/h2>\n<p  class=\"\">La JCI Carthage est une organisation Locale \u00e0 but non lucratif de jeunes citoyens actifs qui sont engag\u00e9s \u00e0 cr\u00e9er un impact dans la communaut\u00e9 de Carthage.\n<br ><br >Nous trouvons des solutions cibl\u00e9es aux probl\u00e8mes locaux b\u00e9n\u00e9ficiant notre collectivit\u00e9, notre monde et notre avenir. Adoptant de nouvelles id\u00e9es, la collaboration et de la diversit\u00e9, nous avons la passion et le courage de relever les d\u00e9fis cruciaux de notre<br >temps.<\/p>\n<\/div>\n<div  class=\"col-sm-7 flexbox center-xs middle-xs image-group-2-img\"><img  decoding=\"async\" class=\"img-1 shadow-large\" src=\"https:\/\/jcicarthage.org\/wp-content\/uploads\/2025\/03\/cropped-462572147_1121355216335633_632102569408626922_n.jpg\" data-size=\"250x200\" title=\"AGEP 2024\" alt=\"\"> <img  decoding=\"async\" class=\"img-2 shadow-large\" src=\"https:\/\/jcicarthage.org\/wp-content\/uploads\/2025\/04\/cropped-cropped-Logo-JCI-page-facebook-1-1.png\" data-size=\"220x170\" title=\"cropped-cropped-Logo-JCI-page-facebook-1-1.png\" alt=\"\"><\/div>\n<\/div>\n<\/div>\n<\/div><div  id=\"actulites\" class=\"blog-section blog-section-standard content-section content-section-spacing\" style=\"background-color: #f5fafd;\" data-label=\"Actulites\" data-id=\"blog-section\" data-export-id=\"blog-section\" data-category=\"latest_news\">\n<div  class=\"gridContainer\">\n<div  class=\"row\">\n<div  class=\"section-title-col\" data-type=\"column\">\n<h2  class=\"\">Actualit\u00e9s<\/h2>\n<div  class=\"row\">\n<div class=\"fb-container\"><div class=\"fb-post\"><a href='https:\/\/www.facebook.com\/730406217027533_1392351102925895' target='_blank'><img src='https:\/\/scontent-pmo1-1.xx.fbcdn.net\/v\/t39.99422-6\/672680459_2373188863148117_6532101305355869644_n.png?stp=dst-jpg_s720x720_tt6&_nc_cat=107&ccb=1-7&_nc_sid=13d280&_nc_ohc=V2XcuxswjzsQ7kNvwGm0dO2&_nc_oc=Adr9ZbKVS-iaypvegFyf71OGjFHYXd_cXrJ9QwSbZ8HllVfLbO9a98uqh6xXZfNxh-8&_nc_zt=14&_nc_ht=scontent-pmo1-1.xx&edm=AKIiGfEEAAAA&_nc_gid=aey5Dq_xtvmKfHyY1bxXmg&_nc_tpa=Q5bMBQGB-jVQZveM1fb-zn5HBAPmt7vUeDvzEfwkDjRz3lLCpn-mN2PMXrpPrs6cdvHfKyoGwtMHBR2__A&oh=00_Af3Gs1YkMUWG1kJgtoab6OEglE8jsXz-9VhotfQqYhjTXA&oe=69EA9CA4' alt='Post Image' \/><\/a><p class='message'>Joyeux anniversaire \u00e0 notre ch\u00e8re VPPRE Ikram Abidi ! \ud83c\udf89\nMerci pour ton s\u00e9rieux, ton int\u00e9grit\u00e9 et ton engagement au sein de notre OLM\ud83d\udc99\nQue cette nouvelle ann\u00e9e t\u2019apporte r\u00e9ussite,...<\/p><p class='created-time'>April 19, 2026, 9:00 am<\/p><a class='fb-link' href='https:\/\/www.facebook.com\/730406217027533_1392351102925895' target='_blank'>Voir sur Facebook<\/a><\/div><div class=\"fb-post\"><a href='https:\/\/www.facebook.com\/730406217027533_1391950669632605' target='_blank'><img src='https:\/\/scontent-pmo1-1.xx.fbcdn.net\/v\/t39.99422-6\/672423720_960895856346702_4525801382679968636_n.png?stp=dst-jpg_p720x720_tt6&_nc_cat=111&ccb=1-7&_nc_sid=13d280&_nc_ohc=lhZrhn1QkIMQ7kNvwHqAfqp&_nc_oc=Adqz8hAJW7DcXAXAL2s9QlEBtm0baYOttc0WjfwsbCcNQtVouTwjIIvbO3EauAhy3sU&_nc_zt=14&_nc_ht=scontent-pmo1-1.xx&edm=AKIiGfEEAAAA&_nc_gid=aey5Dq_xtvmKfHyY1bxXmg&_nc_tpa=Q5bMBQG7lgbMODgRb1PgxOkpmoE6VhB8n1RFU2Nx6sSV1MDy29iIUiA0C2JhJRew-b8VwkFrLpBhAupSIw&oh=00_Af1KJajy_wWG2KNuONTFwN7hQ6MJR9MCfCxJDICmgRUqZw&oe=69EAB312' alt='Post Image' \/><\/a><p class='message'>\u2728 Retour en images | 1\u00e8re Assembl\u00e9e G\u00e9n\u00e9rale P\u00e9riodique \u2013 JCI Carthage \ud83d\udcf8\n\nLe 09 avril 2026, la JCI Carthage a tenu sa 1\u00e8re Assembl\u00e9e G\u00e9n\u00e9rale P\u00e9riodique \u00e0 l\u2019Espace Sophonisbe \u2013...<\/p><p class='created-time'>April 18, 2026, 7:57 pm<\/p><a class='fb-link' href='https:\/\/www.facebook.com\/730406217027533_1391950669632605' target='_blank'>Voir sur Facebook<\/a><\/div><div class=\"fb-post\"><a href='https:\/\/www.facebook.com\/730406217027533_1390753823085623' target='_blank'><img src='https:\/\/scontent-pmo1-1.xx.fbcdn.net\/v\/t51.82787-15\/670949475_18100562782988969_6087517666923105886_n.webp?stp=dst-jpg_s720x720_tt6&_nc_cat=103&ccb=1-7&_nc_sid=13d280&_nc_ohc=6UicHY_rsS4Q7kNvwE663LW&_nc_oc=Ador3OrNq1bXcBnVXA1jgpZpGMVyphrhuUvNG9PkPRL8n2xn0hsohpjVC7hBC0j2kaw&_nc_zt=23&_nc_ht=scontent-pmo1-1.xx&edm=AKIiGfEEAAAA&_nc_gid=aey5Dq_xtvmKfHyY1bxXmg&_nc_tpa=Q5bMBQFw83TmjU8Yu3BMmriv-r4bt7JTQeO2T5xKG9SyTUmCbFk2TakENfmiQM-dyHp_g-n7-W8I7gmwXg&oh=00_Af2DE-rNF16sQKSr-UuDjopMkS3slkBpDtLfJzk99sYUjQ&oe=69EAACB1' alt='Post Image' \/><\/a><p class='message'>Au nom de tous les membres de la JCI Carthage, nous souhaitons un joyeux anniversaire \u00e0 notre cher past pr\u00e9sident \ud835\udde2\ud835\ude02\ud835\ude00\ud835\ude00\ud835\uddf2\ud835\uddfa\ud835\uddee \ud835\uddd5\ud835\uddf2\ud835\uddfb \ud835\uddd4\ud835\uddf9 \ud835\uddd9\ud835\uddf2\ud835\uddff\ud835\uddf7\ud835\uddee\ud835\uddfb\ud835\uddf6...<\/p><p class='created-time'>April 17, 2026, 8:44 am<\/p><a class='fb-link' href='https:\/\/www.facebook.com\/730406217027533_1390753823085623' target='_blank'>Voir sur Facebook<\/a><\/div><\/div>\n<\/div>\n<\/div>\n<\/div>\n<\/div>\n<div  class=\"jci-social-icons\">\n  <a  href=\"https:\/\/www.facebook.com\/JCICarthage\" target=\"_blank\" class=\"facebook\" title=\"Facebook\">\n    <i  class=\"fab fa-facebook-f\"><\/i>\n  <\/a>\n  <a  href=\"https:\/\/x.com\/JCI_Carthage_\" target=\"_blank\" class=\"twitter\" title=\"Twitter\">\n    <i  class=\"fab fa-twitter\"><\/i>\n  <\/a>\n  <a  href=\"https:\/\/www.linkedin.com\/company\/jci-carthage\" target=\"_blank\" class=\"linkedin\" title=\"LinkedIn\">\n    <i  class=\"fab fa-linkedin-in\"><\/i>\n  <\/a>\n  <a  href=\"https:\/\/www.instagram.com\/jci_carthage\" target=\"_blank\" class=\"instagram\" title=\"Instagram\">\n    <i  class=\"fab fa-instagram\"><\/i>\n  <\/a>\n  <a  href=\"https:\/\/www.tiktok.com\/@jci_carthage\" target=\"_blank\" class=\"tiktok\" title=\"TikTok\">\n    <i  class=\"fab fa-tiktok\"><\/i>\n  <\/a>\n  <a  href=\"https:\/\/www.youtube.com\/@JCICarthage\" target=\"_blank\" class=\"youtube\" title=\"YouTube\">\n    <i  class=\"fab fa-youtube\"><\/i>\n  <\/a>\n<\/div>\n<\/div>","protected":false},"excerpt":{"rendered":"<p>Qui sommes-nous ? JCI Carthage La JCI Carthage est une organisation Locale \u00e0 but non lucratif de jeunes citoyens actifs qui sont engag\u00e9s \u00e0 cr\u00e9er un impact dans la communaut\u00e9 de Carthage. Nous trouvons des solutions cibl\u00e9es aux probl\u00e8mes locaux b\u00e9n\u00e9ficiant notre collectivit\u00e9, notre monde et notre avenir. Adoptant de nouvelles id\u00e9es, la collaboration et&hellip; <br \/> <a class=\"read-more\" href=\"https:\/\/jcicarthage.org\/\">Lire la suite<\/a><\/p>\n","protected":false},"author":1,"featured_media":0,"parent":0,"menu_order":0,"comment_status":"closed","ping_status":"closed","template":"","meta":{"footnotes":""},"class_list":["post-6","page","type-page","status-publish","hentry"],"yoast_head":"<!-- This site is optimized with the Yoast SEO plugin v25.5 - https:\/\/yoast.com\/wordpress\/plugins\/seo\/ -->\n<title>Accueil | JCI Carthage<\/title>\n<meta name=\"robots\" content=\"index, follow, max-snippet:-1, max-image-preview:large, max-video-preview:-1\" \/>\n<link rel=\"canonical\" href=\"https:\/\/jcicarthage.org\/\" \/>\n<meta property=\"og:locale\" content=\"fr_FR\" \/>\n<meta property=\"og:type\" content=\"article\" \/>\n<meta property=\"og:title\" content=\"Accueil | JCI Carthage\" \/>\n<meta property=\"og:description\" content=\"Qui sommes-nous ? JCI Carthage La JCI Carthage est une organisation Locale \u00e0 but non lucratif de jeunes citoyens actifs qui sont engag\u00e9s \u00e0 cr\u00e9er un impact dans la communaut\u00e9 de Carthage. Nous trouvons des solutions cibl\u00e9es aux probl\u00e8mes locaux b\u00e9n\u00e9ficiant notre collectivit\u00e9, notre monde et notre avenir. Adoptant de nouvelles id\u00e9es, la collaboration et&hellip; Lire la suite\" \/>\n<meta property=\"og:url\" content=\"https:\/\/jcicarthage.org\/\" \/>\n<meta property=\"og:site_name\" content=\"JCI Carthage\" \/>\n<meta property=\"article:publisher\" content=\"https:\/\/www.facebook.com\/JCICarthage\" \/>\n<meta property=\"article:modified_time\" content=\"2025-07-15T10:13:39+00:00\" \/>\n<meta property=\"og:image\" content=\"https:\/\/jcicarthage.org\/wp-content\/uploads\/2025\/03\/cropped-462572147_1121355216335633_632102569408626922_n.jpg\" \/>\n<meta name=\"twitter:card\" content=\"summary_large_image\" \/>\n<meta name=\"twitter:site\" content=\"@JCI_Carthage_\" \/>\n<script type=\"application\/ld+json\" class=\"yoast-schema-graph\">{\"@context\":\"https:\/\/schema.org\",\"@graph\":[{\"@type\":\"WebPage\",\"@id\":\"https:\/\/jcicarthage.org\/\",\"url\":\"https:\/\/jcicarthage.org\/\",\"name\":\"Accueil | JCI Carthage\",\"isPartOf\":{\"@id\":\"https:\/\/jcicarthage.org\/#website\"},\"primaryImageOfPage\":{\"@id\":\"https:\/\/jcicarthage.org\/#primaryimage\"},\"image\":{\"@id\":\"https:\/\/jcicarthage.org\/#primaryimage\"},\"thumbnailUrl\":\"https:\/\/jcicarthage.org\/wp-content\/uploads\/2025\/03\/cropped-462572147_1121355216335633_632102569408626922_n.jpg\",\"datePublished\":\"2025-03-13T12:37:16+00:00\",\"dateModified\":\"2025-07-15T10:13:39+00:00\",\"breadcrumb\":{\"@id\":\"https:\/\/jcicarthage.org\/#breadcrumb\"},\"inLanguage\":\"fr-FR\",\"potentialAction\":[{\"@type\":\"ReadAction\",\"target\":[\"https:\/\/jcicarthage.org\/\"]}]},{\"@type\":\"ImageObject\",\"inLanguage\":\"fr-FR\",\"@id\":\"https:\/\/jcicarthage.org\/#primaryimage\",\"url\":\"https:\/\/jcicarthage.org\/wp-content\/uploads\/2025\/03\/cropped-462572147_1121355216335633_632102569408626922_n.jpg\",\"contentUrl\":\"https:\/\/jcicarthage.org\/wp-content\/uploads\/2025\/03\/cropped-462572147_1121355216335633_632102569408626922_n.jpg\",\"width\":1497,\"height\":1158},{\"@type\":\"BreadcrumbList\",\"@id\":\"https:\/\/jcicarthage.org\/#breadcrumb\",\"itemListElement\":[{\"@type\":\"ListItem\",\"position\":1,\"name\":\"Accueil\",\"item\":\"https:\/\/jcicarthage.org\/\"},{\"@type\":\"ListItem\",\"position\":2,\"name\":\"Accueil\"}]},{\"@type\":\"WebSite\",\"@id\":\"https:\/\/jcicarthage.org\/#website\",\"url\":\"https:\/\/jcicarthage.org\/\",\"name\":\"JCI Carthage\",\"description\":\"Notre mission est d&#039;offrir au jeunes leaders des opportunit\u00e9s de d\u00e9veloppement du leadership en leur donnant la capacit\u00e9 de cr\u00e9er des changements positifs. Notre vision est d&#039;\u00eatre le principal r\u00e9seau mondial de jeunes Leaders.\",\"publisher\":{\"@id\":\"https:\/\/jcicarthage.org\/#organization\"},\"alternateName\":\"JCI Carthage\",\"potentialAction\":[{\"@type\":\"SearchAction\",\"target\":{\"@type\":\"EntryPoint\",\"urlTemplate\":\"https:\/\/jcicarthage.org\/?s={search_term_string}\"},\"query-input\":{\"@type\":\"PropertyValueSpecification\",\"valueRequired\":true,\"valueName\":\"search_term_string\"}}],\"inLanguage\":\"fr-FR\"},{\"@type\":\"Organization\",\"@id\":\"https:\/\/jcicarthage.org\/#organization\",\"name\":\"JCI Carthage\",\"url\":\"https:\/\/jcicarthage.org\/\",\"logo\":{\"@type\":\"ImageObject\",\"inLanguage\":\"fr-FR\",\"@id\":\"https:\/\/jcicarthage.org\/#\/schema\/logo\/image\/\",\"url\":\"https:\/\/jcicarthage.org\/wp-content\/uploads\/2025\/04\/cropped-cropped-Logo-JCI-page-facebook-1-1.png\",\"contentUrl\":\"https:\/\/jcicarthage.org\/wp-content\/uploads\/2025\/04\/cropped-cropped-Logo-JCI-page-facebook-1-1.png\",\"width\":938,\"height\":726,\"caption\":\"JCI Carthage\"},\"image\":{\"@id\":\"https:\/\/jcicarthage.org\/#\/schema\/logo\/image\/\"},\"sameAs\":[\"https:\/\/www.facebook.com\/JCICarthage\",\"https:\/\/x.com\/JCI_Carthage_\",\"https:\/\/www.instagram.com\/jci_carthage\/\",\"https:\/\/www.linkedin.com\/company\/jci-carthage\/\",\"https:\/\/www.tiktok.com\/@jci_carthage\"]}]}<\/script>\n<!-- \/ Yoast SEO plugin. -->","yoast_head_json":{"title":"Accueil | JCI Carthage","robots":{"index":"index","follow":"follow","max-snippet":"max-snippet:-1","max-image-preview":"max-image-preview:large","max-video-preview":"max-video-preview:-1"},"canonical":"https:\/\/jcicarthage.org\/","og_locale":"fr_FR","og_type":"article","og_title":"Accueil | JCI Carthage","og_description":"Qui sommes-nous ? JCI Carthage La JCI Carthage est une organisation Locale \u00e0 but non lucratif de jeunes citoyens actifs qui sont engag\u00e9s \u00e0 cr\u00e9er un impact dans la communaut\u00e9 de Carthage. Nous trouvons des solutions cibl\u00e9es aux probl\u00e8mes locaux b\u00e9n\u00e9ficiant notre collectivit\u00e9, notre monde et notre avenir. Adoptant de nouvelles id\u00e9es, la collaboration et&hellip; Lire la suite","og_url":"https:\/\/jcicarthage.org\/","og_site_name":"JCI Carthage","article_publisher":"https:\/\/www.facebook.com\/JCICarthage","article_modified_time":"2025-07-15T10:13:39+00:00","og_image":[{"url":"https:\/\/jcicarthage.org\/wp-content\/uploads\/2025\/03\/cropped-462572147_1121355216335633_632102569408626922_n.jpg","type":"","width":"","height":""}],"twitter_card":"summary_large_image","twitter_site":"@JCI_Carthage_","schema":{"@context":"https:\/\/schema.org","@graph":[{"@type":"WebPage","@id":"https:\/\/jcicarthage.org\/","url":"https:\/\/jcicarthage.org\/","name":"Accueil | JCI Carthage","isPartOf":{"@id":"https:\/\/jcicarthage.org\/#website"},"primaryImageOfPage":{"@id":"https:\/\/jcicarthage.org\/#primaryimage"},"image":{"@id":"https:\/\/jcicarthage.org\/#primaryimage"},"thumbnailUrl":"https:\/\/jcicarthage.org\/wp-content\/uploads\/2025\/03\/cropped-462572147_1121355216335633_632102569408626922_n.jpg","datePublished":"2025-03-13T12:37:16+00:00","dateModified":"2025-07-15T10:13:39+00:00","breadcrumb":{"@id":"https:\/\/jcicarthage.org\/#breadcrumb"},"inLanguage":"fr-FR","potentialAction":[{"@type":"ReadAction","target":["https:\/\/jcicarthage.org\/"]}]},{"@type":"ImageObject","inLanguage":"fr-FR","@id":"https:\/\/jcicarthage.org\/#primaryimage","url":"https:\/\/jcicarthage.org\/wp-content\/uploads\/2025\/03\/cropped-462572147_1121355216335633_632102569408626922_n.jpg","contentUrl":"https:\/\/jcicarthage.org\/wp-content\/uploads\/2025\/03\/cropped-462572147_1121355216335633_632102569408626922_n.jpg","width":1497,"height":1158},{"@type":"BreadcrumbList","@id":"https:\/\/jcicarthage.org\/#breadcrumb","itemListElement":[{"@type":"ListItem","position":1,"name":"Accueil","item":"https:\/\/jcicarthage.org\/"},{"@type":"ListItem","position":2,"name":"Accueil"}]},{"@type":"WebSite","@id":"https:\/\/jcicarthage.org\/#website","url":"https:\/\/jcicarthage.org\/","name":"JCI Carthage","description":"Notre mission est d&#039;offrir au jeunes leaders des opportunit\u00e9s de d\u00e9veloppement du leadership en leur donnant la capacit\u00e9 de cr\u00e9er des changements positifs. Notre vision est d&#039;\u00eatre le principal r\u00e9seau mondial de jeunes Leaders.","publisher":{"@id":"https:\/\/jcicarthage.org\/#organization"},"alternateName":"JCI Carthage","potentialAction":[{"@type":"SearchAction","target":{"@type":"EntryPoint","urlTemplate":"https:\/\/jcicarthage.org\/?s={search_term_string}"},"query-input":{"@type":"PropertyValueSpecification","valueRequired":true,"valueName":"search_term_string"}}],"inLanguage":"fr-FR"},{"@type":"Organization","@id":"https:\/\/jcicarthage.org\/#organization","name":"JCI Carthage","url":"https:\/\/jcicarthage.org\/","logo":{"@type":"ImageObject","inLanguage":"fr-FR","@id":"https:\/\/jcicarthage.org\/#\/schema\/logo\/image\/","url":"https:\/\/jcicarthage.org\/wp-content\/uploads\/2025\/04\/cropped-cropped-Logo-JCI-page-facebook-1-1.png","contentUrl":"https:\/\/jcicarthage.org\/wp-content\/uploads\/2025\/04\/cropped-cropped-Logo-JCI-page-facebook-1-1.png","width":938,"height":726,"caption":"JCI Carthage"},"image":{"@id":"https:\/\/jcicarthage.org\/#\/schema\/logo\/image\/"},"sameAs":["https:\/\/www.facebook.com\/JCICarthage","https:\/\/x.com\/JCI_Carthage_","https:\/\/www.instagram.com\/jci_carthage\/","https:\/\/www.linkedin.com\/company\/jci-carthage\/","https:\/\/www.tiktok.com\/@jci_carthage"]}]}},"_links":{"self":[{"href":"https:\/\/jcicarthage.org\/index.php?rest_route=\/wp\/v2\/pages\/6","targetHints":{"allow":["GET"]}}],"collection":[{"href":"https:\/\/jcicarthage.org\/index.php?rest_route=\/wp\/v2\/pages"}],"about":[{"href":"https:\/\/jcicarthage.org\/index.php?rest_route=\/wp\/v2\/types\/page"}],"author":[{"embeddable":true,"href":"https:\/\/jcicarthage.org\/index.php?rest_route=\/wp\/v2\/users\/1"}],"replies":[{"embeddable":true,"href":"https:\/\/jcicarthage.org\/index.php?rest_route=%2Fwp%2Fv2%2Fcomments&post=6"}],"version-history":[{"count":35,"href":"https:\/\/jcicarthage.org\/index.php?rest_route=\/wp\/v2\/pages\/6\/revisions"}],"predecessor-version":[{"id":121,"href":"https:\/\/jcicarthage.org\/index.php?rest_route=\/wp\/v2\/pages\/6\/revisions\/121"}],"wp:attachment":[{"href":"https:\/\/jcicarthage.org\/index.php?rest_route=%2Fwp%2Fv2%2Fmedia&parent=6"}],"curies":[{"name":"wp","href":"https:\/\/api.w.org\/{rel}","templated":true}]}}